{"id":627,"date":"2022-08-22T18:07:11","date_gmt":"2022-08-22T18:07:11","guid":{"rendered":"https:\/\/naturefirst.org\/?page_id=627"},"modified":"2025-01-16T16:53:28","modified_gmt":"2025-01-16T23:53:28","slug":"get-involved","status":"publish","type":"page","link":"https:\/\/naturefirst.org\/pl\/get-involved\/","title":{"rendered":"Zaanga\u017cowa\u0107 si\u0119"},"content":{"rendered":"<div data-elementor-type=\"wp-page\" data-elementor-id=\"627\" class=\"elementor elementor-627\" data-elementor-post-type=\"page\">\n\t\t\t\t\t\t<section class=\"elementor-section elementor-top-section elementor-element elementor-element-11efba4c elementor-section-height-min-height elementor-section-boxed elementor-section-height-default elementor-section-items-middle\" data-id=\"11efba4c\" data-element_type=\"section\" data-e-type=\"section\" data-settings=\"{&quot;background_background&quot;:&quot;classic&quot;}\">\n\t\t\t\t\t\t\t<div class=\"elementor-background-overlay\"><\/div>\n\t\t\t\t\t\t\t<div class=\"elementor-container elementor-column-gap-no\">\n\t\t\t\t\t<div class=\"elementor-column elementor-col-100 elementor-top-column elementor-element elementor-element-7e958e1d\" data-id=\"7e958e1d\" data-element_type=\"column\" data-e-type=\"column\">\n\t\t\t<div class=\"elementor-widget-wrap elementor-element-populated\">\n\t\t\t\t\t\t<div class=\"elementor-element elementor-element-15d7b870 elementor-widget elementor-widget-image-box\" data-id=\"15d7b870\" data-element_type=\"widget\" data-e-type=\"widget\" data-widget_type=\"image-box.default\">\n\t\t\t\t<div class=\"elementor-widget-container\">\n\t\t\t\t\t<div class=\"elementor-image-box-wrapper\"><div class=\"elementor-image-box-content\"><h1 class=\"elementor-image-box-title\">Zaanga\u017cowa\u0107 si\u0119<\/h1><\/div><\/div>\t\t\t\t<\/div>\n\t\t\t\t<\/div>\n\t\t\t\t<div class=\"elementor-element elementor-element-756f65cb elementor-widget elementor-widget-text-editor\" data-id=\"756f65cb\" data-element_type=\"widget\" data-e-type=\"widget\" data-widget_type=\"text-editor.default\">\n\t\t\t\t<div class=\"elementor-widget-container\">\n\t\t\t\t\t\t\t\t\t<p>Wesprzyj misj\u0119 Nature First<\/p>\t\t\t\t\t\t\t\t<\/div>\n\t\t\t\t<\/div>\n\t\t\t\t\t<\/div>\n\t\t<\/div>\n\t\t\t\t\t<\/div>\n\t\t<\/section>\n\t\t\t\t<section class=\"elementor-section elementor-top-section elementor-element elementor-element-72e466cb elementor-section-boxed elementor-section-height-default elementor-section-height-default\" data-id=\"72e466cb\" data-element_type=\"section\" data-e-type=\"section\">\n\t\t\t\t\t\t<div class=\"elementor-container elementor-column-gap-default\">\n\t\t\t\t\t<div class=\"elementor-column elementor-col-100 elementor-top-column elementor-element elementor-element-7b0b2856\" data-id=\"7b0b2856\" data-element_type=\"column\" data-e-type=\"column\">\n\t\t\t<div class=\"elementor-widget-wrap elementor-element-populated\">\n\t\t\t\t\t\t<div class=\"elementor-element elementor-element-568e0a35 elementor-widget elementor-widget-heading\" data-id=\"568e0a35\" data-element_type=\"widget\" data-e-type=\"widget\" data-widget_type=\"heading.default\">\n\t\t\t\t<div class=\"elementor-widget-container\">\n\t\t\t\t\t<h2 class=\"elementor-heading-title elementor-size-default\">Wsparcie Nature First<\/h2>\t\t\t\t<\/div>\n\t\t\t\t<\/div>\n\t\t\t\t<div class=\"elementor-element elementor-element-a0e2c0a elementor-widget elementor-widget-text-editor\" data-id=\"a0e2c0a\" data-element_type=\"widget\" data-e-type=\"widget\" data-widget_type=\"text-editor.default\">\n\t\t\t\t<div class=\"elementor-widget-container\">\n\t\t\t\t\t\t\t\t\t<p>Nature First jest <em>pomys\u0142<\/em>, stworzony przez fotograf\u00f3w przyrody, przy udziale fotograf\u00f3w i mi\u0142o\u015bnik\u00f3w przyrody z ca\u0142ego \u015bwiata.\u00a0<span style=\"font-style: inherit; font-weight: inherit;\">Liczymy na Twoj\u0105 pomoc w rozpowszechnianiu informacji i rozwijaniu sojuszu odpowiedzialnych fotograf\u00f3w przyrody. Zaanga\u017cuj si\u0119 i pom\u00f3\u017c Nature First zmieni\u0107 przysz\u0142o\u015b\u0107. <\/span><strong style=\"font-style: inherit;\">#natura na pierwszym miejscu<\/strong><\/p>\t\t\t\t\t\t\t\t<\/div>\n\t\t\t\t<\/div>\n\t\t\t\t<div class=\"elementor-element elementor-element-57a244a elementor-widget elementor-widget-text-editor\" data-id=\"57a244a\" data-element_type=\"widget\" data-e-type=\"widget\" data-widget_type=\"text-editor.default\">\n\t\t\t\t<div class=\"elementor-widget-container\">\n\t\t\t\t\t\t\t\t\t<p><strong>Zarejestruj si\u0119, aby otrzymywa\u0107 nasze <a href=\"https:\/\/naturefirst.org\/pl\/newsletter\/\">Biuletyn Informacyjny<\/a>\u00a0dla aktualizacji i nowo\u015bci.<\/strong><\/p>\t\t\t\t\t\t\t\t<\/div>\n\t\t\t\t<\/div>\n\t\t\t\t<div class=\"elementor-element elementor-element-671c9459 elementor-widget-divider--view-line elementor-widget elementor-widget-divider\" data-id=\"671c9459\" data-element_type=\"widget\" data-e-type=\"widget\" data-widget_type=\"divider.default\">\n\t\t\t\t<div class=\"elementor-widget-container\">\n\t\t\t\t\t\t\t<div class=\"elementor-divider\">\n\t\t\t<span class=\"elementor-divider-separator\">\n\t\t\t\t\t\t<\/span>\n\t\t<\/div>\n\t\t\t\t\t\t<\/div>\n\t\t\t\t<\/div>\n\t\t\t\t\t<\/div>\n\t\t<\/div>\n\t\t\t\t\t<\/div>\n\t\t<\/section>\n\t\t\t\t<section class=\"elementor-section elementor-top-section elementor-element elementor-element-91d8973 elementor-section-boxed elementor-section-height-default elementor-section-height-default\" data-id=\"91d8973\" data-element_type=\"section\" data-e-type=\"section\">\n\t\t\t\t\t\t<div class=\"elementor-container elementor-column-gap-default\">\n\t\t\t\t\t<div class=\"elementor-column elementor-col-33 elementor-top-column elementor-element elementor-element-27a1b31\" data-id=\"27a1b31\" data-element_type=\"column\" data-e-type=\"column\">\n\t\t\t<div class=\"elementor-widget-wrap elementor-element-populated\">\n\t\t\t\t\t\t<div class=\"elementor-element elementor-element-83dbe1b elementor-position-top elementor-widget elementor-widget-image-box\" data-id=\"83dbe1b\" data-element_type=\"widget\" data-e-type=\"widget\" data-widget_type=\"image-box.default\">\n\t\t\t\t<div class=\"elementor-widget-container\">\n\t\t\t\t\t<div class=\"elementor-image-box-wrapper\"><figure class=\"elementor-image-box-img\"><a href=\"https:\/\/naturefirst.org\/pl\/join\/\" tabindex=\"-1\"><img fetchpriority=\"high\" decoding=\"async\" width=\"500\" height=\"333\" src=\"https:\/\/naturefirst.org\/wp-content\/uploads\/Redwoods-Sarah-Marino-1500px-500x333.jpg\" class=\"attachment-medium size-medium wp-image-332\" alt=\"\" srcset=\"https:\/\/naturefirst.org\/wp-content\/uploads\/Redwoods-Sarah-Marino-1500px-500x333.jpg 500w, https:\/\/naturefirst.org\/wp-content\/uploads\/Redwoods-Sarah-Marino-1500px-1024x683.jpg 1024w, https:\/\/naturefirst.org\/wp-content\/uploads\/Redwoods-Sarah-Marino-1500px-768x512.jpg 768w, https:\/\/naturefirst.org\/wp-content\/uploads\/Redwoods-Sarah-Marino-1500px-18x12.jpg 18w, https:\/\/naturefirst.org\/wp-content\/uploads\/Redwoods-Sarah-Marino-1500px.jpg 1500w\" sizes=\"(max-width: 500px) 100vw, 500px\" \/><\/a><\/figure><div class=\"elementor-image-box-content\"><h3 class=\"elementor-image-box-title\"><a href=\"https:\/\/naturefirst.org\/pl\/join\/\">Do\u0142\u0105cz do nas<\/a><\/h3><p class=\"elementor-image-box-description\">Cz\u0142onkostwo jest BEZP\u0141ATNE! Do\u0142\u0105cz do ruchu, deklaruj\u0105c swoje przywi\u0105zanie do zasad Nature First, aby\u015bmy mogli chroni\u0107 miejsca, kt\u00f3re kochamy i fotografujemy.<\/p><\/div><\/div>\t\t\t\t<\/div>\n\t\t\t\t<\/div>\n\t\t\t\t\t<\/div>\n\t\t<\/div>\n\t\t\t\t<div class=\"elementor-column elementor-col-33 elementor-top-column elementor-element elementor-element-c816d03\" data-id=\"c816d03\" data-element_type=\"column\" data-e-type=\"column\">\n\t\t\t<div class=\"elementor-widget-wrap elementor-element-populated\">\n\t\t\t\t\t\t<div class=\"elementor-element elementor-element-306839b elementor-position-top elementor-widget elementor-widget-image-box\" data-id=\"306839b\" data-element_type=\"widget\" data-e-type=\"widget\" data-widget_type=\"image-box.default\">\n\t\t\t\t<div class=\"elementor-widget-container\">\n\t\t\t\t\t<div class=\"elementor-image-box-wrapper\"><figure class=\"elementor-image-box-img\"><a href=\"https:\/\/naturefirst.org\/pl\/members-only\/\" tabindex=\"-1\"><img decoding=\"async\" width=\"500\" height=\"352\" src=\"https:\/\/naturefirst.org\/wp-content\/uploads\/Rapture-DavidKingham-500x352.jpg\" class=\"attachment-medium size-medium wp-image-398\" alt=\"\" srcset=\"https:\/\/naturefirst.org\/wp-content\/uploads\/Rapture-DavidKingham-500x352.jpg 500w, https:\/\/naturefirst.org\/wp-content\/uploads\/Rapture-DavidKingham-1024x720.jpg 1024w, https:\/\/naturefirst.org\/wp-content\/uploads\/Rapture-DavidKingham-768x540.jpg 768w, https:\/\/naturefirst.org\/wp-content\/uploads\/Rapture-DavidKingham-1536x1080.jpg 1536w, https:\/\/naturefirst.org\/wp-content\/uploads\/Rapture-DavidKingham-2048x1440.jpg 2048w, https:\/\/naturefirst.org\/wp-content\/uploads\/Rapture-DavidKingham-18x12.jpg 18w\" sizes=\"(max-width: 500px) 100vw, 500px\" \/><\/a><\/figure><div class=\"elementor-image-box-content\"><h3 class=\"elementor-image-box-title\"><a href=\"https:\/\/naturefirst.org\/pl\/members-only\/\">Cz\u0142onkowie<\/a><\/h3><p class=\"elementor-image-box-description\">Obecni cz\u0142onkowie mog\u0105 si\u0119 zalogowa\u0107, aby uzyska\u0107 dost\u0119p do ekskluzywnych funkcji i tre\u015bci.<\/p><\/div><\/div>\t\t\t\t<\/div>\n\t\t\t\t<\/div>\n\t\t\t\t\t<\/div>\n\t\t<\/div>\n\t\t\t\t<div class=\"elementor-column elementor-col-33 elementor-top-column elementor-element elementor-element-1b96f94\" data-id=\"1b96f94\" data-element_type=\"column\" data-e-type=\"column\">\n\t\t\t<div class=\"elementor-widget-wrap elementor-element-populated\">\n\t\t\t\t\t\t<div class=\"elementor-element elementor-element-9f26287 elementor-position-top elementor-widget elementor-widget-image-box\" data-id=\"9f26287\" data-element_type=\"widget\" data-e-type=\"widget\" data-widget_type=\"image-box.default\">\n\t\t\t\t<div class=\"elementor-widget-container\">\n\t\t\t\t\t<div class=\"elementor-image-box-wrapper\"><figure class=\"elementor-image-box-img\"><img decoding=\"async\" width=\"500\" height=\"334\" src=\"https:\/\/naturefirst.org\/wp-content\/uploads\/20170701-06-29-18-lg-500x334.jpg\" class=\"attachment-medium size-medium wp-image-637\" alt=\"\" srcset=\"https:\/\/naturefirst.org\/wp-content\/uploads\/20170701-06-29-18-lg-500x334.jpg 500w, https:\/\/naturefirst.org\/wp-content\/uploads\/20170701-06-29-18-lg-1024x684.jpg 1024w, https:\/\/naturefirst.org\/wp-content\/uploads\/20170701-06-29-18-lg-768x513.jpg 768w, https:\/\/naturefirst.org\/wp-content\/uploads\/20170701-06-29-18-lg-1536x1025.jpg 1536w, https:\/\/naturefirst.org\/wp-content\/uploads\/20170701-06-29-18-lg-18x12.jpg 18w, https:\/\/naturefirst.org\/wp-content\/uploads\/20170701-06-29-18-lg.jpg 2048w\" sizes=\"(max-width: 500px) 100vw, 500px\" \/><\/figure><div class=\"elementor-image-box-content\"><h3 class=\"elementor-image-box-title\">Szerz nowin\u0119<\/h3><p class=\"elementor-image-box-description\">Podziel si\u0119 swoim zaanga\u017cowaniem w etos Nature First na swojej stronie internetowej i kontach w mediach spo\u0142eczno\u015bciowych. Niech inni wiedz\u0105, jak wa\u017cne jest zachowanie i ochrona \u015bwiata przyrody. <b>#natura na pierwszym miejscu<\/b><\/p><\/div><\/div>\t\t\t\t<\/div>\n\t\t\t\t<\/div>\n\t\t\t\t\t<\/div>\n\t\t<\/div>\n\t\t\t\t\t<\/div>\n\t\t<\/section>\n\t\t\t\t<section class=\"elementor-section elementor-top-section elementor-element elementor-element-7443e39 elementor-section-boxed elementor-section-height-default elementor-section-height-default\" data-id=\"7443e39\" data-element_type=\"section\" data-e-type=\"section\">\n\t\t\t\t\t\t<div class=\"elementor-container elementor-column-gap-default\">\n\t\t\t\t\t<div class=\"elementor-column elementor-col-100 elementor-top-column elementor-element elementor-element-0ba3dbb\" data-id=\"0ba3dbb\" data-element_type=\"column\" data-e-type=\"column\">\n\t\t\t<div class=\"elementor-widget-wrap elementor-element-populated\">\n\t\t\t\t\t\t<div class=\"elementor-element elementor-element-c935b99 elementor-widget-divider--view-line elementor-widget elementor-widget-divider\" data-id=\"c935b99\" data-element_type=\"widget\" data-e-type=\"widget\" data-widget_type=\"divider.default\">\n\t\t\t\t<div class=\"elementor-widget-container\">\n\t\t\t\t\t\t\t<div class=\"elementor-divider\">\n\t\t\t<span class=\"elementor-divider-separator\">\n\t\t\t\t\t\t<\/span>\n\t\t<\/div>\n\t\t\t\t\t\t<\/div>\n\t\t\t\t<\/div>\n\t\t\t\t\t<\/div>\n\t\t<\/div>\n\t\t\t\t\t<\/div>\n\t\t<\/section>\n\t\t\t\t<\/div>","protected":false},"excerpt":{"rendered":"<p>Get Involved Support the Nature First Mission Support Nature First Nature First is an idea, created by nature photographers, with input from photographers and nature-lovers around the world.\u00a0We depend on you to help spread the word and grow this alliance of responsible nature photographers. Get involved and help Nature First change the future. #naturefirst Sign [&hellip;]<\/p>\n","protected":false},"author":2,"featured_media":0,"parent":0,"menu_order":0,"comment_status":"closed","ping_status":"closed","template":"","meta":{"_mo_disable_npp":"","site-sidebar-layout":"no-sidebar","site-content-layout":"page-builder","ast-site-content-layout":"default","site-content-style":"default","site-sidebar-style":"default","ast-global-header-display":"","ast-banner-title-visibility":"","ast-main-header-display":"","ast-hfb-above-header-display":"","ast-hfb-below-header-display":"","ast-hfb-mobile-header-display":"","site-post-title":"disabled","ast-breadcrumbs-content":"","ast-featured-img":"disabled","footer-sml-layout":"","ast-disable-related-posts":"","theme-transparent-header-meta":"","adv-header-id-meta":"","stick-header-meta":"","header-above-stick-meta":"","header-main-stick-meta":"","header-below-stick-meta":"","astra-migrate-meta-layouts":"default","ast-page-background-enabled":"default","ast-page-background-meta":{"desktop":{"background-color":"","background-image":"","background-repeat":"repeat","background-position":"center center","background-size":"auto","background-attachment":"scroll","background-type":"","background-media":"","overlay-type":"","overlay-color":"","overlay-opacity":"","overlay-gradient":""},"tablet":{"background-color":"","background-image":"","background-repeat":"repeat","background-position":"center center","background-size":"auto","background-attachment":"scroll","background-type":"","background-media":"","overlay-type":"","overlay-color":"","overlay-opacity":"","overlay-gradient":""},"mobile":{"background-color":"","background-image":"","background-repeat":"repeat","background-position":"center center","background-size":"auto","background-attachment":"scroll","background-type":"","background-media":"","overlay-type":"","overlay-color":"","overlay-opacity":"","overlay-gradient":""}},"ast-content-background-meta":{"desktop":{"background-color":"var(--ast-global-color-5)","background-image":"","background-repeat":"repeat","background-position":"center center","background-size":"auto","background-attachment":"scroll","background-type":"","background-media":"","overlay-type":"","overlay-color":"","overlay-opacity":"","overlay-gradient":""},"tablet":{"background-color":"var(--ast-global-color-5)","background-image":"","background-repeat":"repeat","background-position":"center center","background-size":"auto","background-attachment":"scroll","background-type":"","background-media":"","overlay-type":"","overlay-color":"","overlay-opacity":"","overlay-gradient":""},"mobile":{"background-color":"var(--ast-global-color-5)","background-image":"","background-repeat":"repeat","background-position":"center center","background-size":"auto","background-attachment":"scroll","background-type":"","background-media":"","overlay-type":"","overlay-color":"","overlay-opacity":"","overlay-gradient":""}},"footnotes":""},"class_list":["post-627","page","type-page","status-publish","hentry"],"aioseo_notices":[],"_links":{"self":[{"href":"https:\/\/naturefirst.org\/pl\/wp-json\/wp\/v2\/pages\/627","targetHints":{"allow":["GET"]}}],"collection":[{"href":"https:\/\/naturefirst.org\/pl\/wp-json\/wp\/v2\/pages"}],"about":[{"href":"https:\/\/naturefirst.org\/pl\/wp-json\/wp\/v2\/types\/page"}],"author":[{"embeddable":true,"href":"https:\/\/naturefirst.org\/pl\/wp-json\/wp\/v2\/users\/2"}],"replies":[{"embeddable":true,"href":"https:\/\/naturefirst.org\/pl\/wp-json\/wp\/v2\/comments?post=627"}],"version-history":[{"count":69,"href":"https:\/\/naturefirst.org\/pl\/wp-json\/wp\/v2\/pages\/627\/revisions"}],"predecessor-version":[{"id":5201,"href":"https:\/\/naturefirst.org\/pl\/wp-json\/wp\/v2\/pages\/627\/revisions\/5201"}],"wp:attachment":[{"href":"https:\/\/naturefirst.org\/pl\/wp-json\/wp\/v2\/media?parent=627"}],"curies":[{"name":"wp","href":"https:\/\/api.w.org\/{rel}","templated":true}]}}