{"id":739,"date":"2022-08-22T21:52:02","date_gmt":"2022-08-22T21:52:02","guid":{"rendered":"https:\/\/naturefirst.org\/?page_id=739"},"modified":"2023-01-21T08:28:32","modified_gmt":"2023-01-21T15:28:32","slug":"responsible-nature-photography-standard","status":"publish","type":"page","link":"https:\/\/naturefirst.org\/pl\/responsible-nature-photography-standard\/","title":{"rendered":"Standard odpowiedzialnej fotografii przyrodniczej"},"content":{"rendered":"<div data-elementor-type=\"wp-page\" data-elementor-id=\"739\" class=\"elementor elementor-739\" data-elementor-post-type=\"page\">\n\t\t\t\t\t\t<section class=\"elementor-section elementor-top-section elementor-element elementor-element-35820ecf elementor-section-height-min-height elementor-section-boxed elementor-section-height-default elementor-section-items-middle\" data-id=\"35820ecf\" data-element_type=\"section\" data-e-type=\"section\" data-settings=\"{&quot;background_background&quot;:&quot;classic&quot;}\">\n\t\t\t\t\t\t\t<div class=\"elementor-background-overlay\"><\/div>\n\t\t\t\t\t\t\t<div class=\"elementor-container elementor-column-gap-no\">\n\t\t\t\t\t<div class=\"elementor-column elementor-col-100 elementor-top-column elementor-element elementor-element-7e7ff944\" data-id=\"7e7ff944\" data-element_type=\"column\" data-e-type=\"column\">\n\t\t\t<div class=\"elementor-widget-wrap elementor-element-populated\">\n\t\t\t\t\t\t<div class=\"elementor-element elementor-element-28cd7761 elementor-widget elementor-widget-image-box\" data-id=\"28cd7761\" data-element_type=\"widget\" data-e-type=\"widget\" data-widget_type=\"image-box.default\">\n\t\t\t\t<div class=\"elementor-widget-container\">\n\t\t\t\t\t<div class=\"elementor-image-box-wrapper\"><div class=\"elementor-image-box-content\"><h1 class=\"elementor-image-box-title\">Standard odpowiedzialnej fotografii przyrodniczej<\/h1><\/div><\/div>\t\t\t\t<\/div>\n\t\t\t\t<\/div>\n\t\t\t\t\t<\/div>\n\t\t<\/div>\n\t\t\t\t\t<\/div>\n\t\t<\/section>\n\t\t\t\t<section class=\"elementor-section elementor-top-section elementor-element elementor-element-5784c30c elementor-section-boxed elementor-section-height-default elementor-section-height-default\" data-id=\"5784c30c\" data-element_type=\"section\" data-e-type=\"section\">\n\t\t\t\t\t\t<div class=\"elementor-container elementor-column-gap-default\">\n\t\t\t\t\t<div class=\"elementor-column elementor-col-100 elementor-top-column elementor-element elementor-element-47cd6ed0\" data-id=\"47cd6ed0\" data-element_type=\"column\" data-e-type=\"column\">\n\t\t\t<div class=\"elementor-widget-wrap elementor-element-populated\">\n\t\t\t\t\t\t<div class=\"elementor-element elementor-element-6041a048 elementor-widget elementor-widget-heading\" data-id=\"6041a048\" data-element_type=\"widget\" data-e-type=\"widget\" data-widget_type=\"heading.default\">\n\t\t\t\t<div class=\"elementor-widget-container\">\n\t\t\t\t\t<h2 class=\"elementor-heading-title elementor-size-default\">Standard odpowiedzialnej fotografii przyrodniczej <\/h2>\t\t\t\t<\/div>\n\t\t\t\t<\/div>\n\t\t\t\t<div class=\"elementor-element elementor-element-5760939 elementor-widget elementor-widget-text-editor\" data-id=\"5760939\" data-element_type=\"widget\" data-e-type=\"widget\" data-widget_type=\"text-editor.default\">\n\t\t\t\t<div class=\"elementor-widget-container\">\n\t\t\t\t\t\t\t\t\t<p id=\"yui_3_17_2_1_1661205057794_174\" class=\"\">Standard Odpowiedzialnej Fotografii Przyrody to zobowi\u0105zanie do wdro\u017cenia zasad Nature First w Twojej organizacji. Jest to podobne do zobowi\u0105zania, kt\u00f3re fotografowie do\u0142\u0105czaj\u0105 do Nature First, ale ten standard nie dotyczy samych fotograf\u00f3w, ale raczej organizacji, kt\u00f3re wykorzystuj\u0105 tworzone przez nich zdj\u0119cia i filmy przyrody. Mamy r\u00f3wnie\u017c cz\u0119\u015b\u0107 tego standardu, kt\u00f3ra jest specyficzna dla organizacji zajmuj\u0105cych si\u0119 fotografi\u0105, wideo lub instrukta\u017cem na zewn\u0105trz.<\/p><h3>POZYSKIWANIE TRE\u015aCI<\/h3><p class=\"\">Wymagania dla organizacji, kt\u00f3re pozyskuj\u0105 zdj\u0119cia przyrody lub filmy przyrodnicze do wewn\u0119trznej lub zewn\u0119trznej komunikacji i materia\u0142\u00f3w marketingowych.<\/p><ul><li>Wymaga\u0107, aby wszystkie takie pozyskane tre\u015bci wykorzystywane w komunikacji wewn\u0119trznej lub zewn\u0119trznej i materia\u0142ach marketingowych, w tym mi\u0119dzy innymi na stronie internetowej, blogu, mediach spo\u0142eczno\u015bciowych, cyfrowym opowiadaniu historii\/marketingu tre\u015bci, drukach, wydarzeniach osobistych i partnerach maj\u0105cych wp\u0142yw, by\u0142y pozyskiwane wy\u0142\u0105cznie od fotografowie, kt\u00f3rzy zobowi\u0105zali si\u0119 przestrzega\u0107 zasad Nature First, staj\u0105c si\u0119 cz\u0142onkiem Nature First (cz\u0142onkostwo jest bezp\u0142atne) przed udzieleniem licencji, u\u017cyciem lub publikacj\u0105.<\/li><li>\u0179r\u00f3d\u0142a tre\u015bci mog\u0105 obejmowa\u0107 mi\u0119dzy innymi profesjonalne zdj\u0119cia i filmy wykonane przez wynaj\u0119tych fotograf\u00f3w komercyjnych, zasoby gie\u0142dowe zakupione przez niezale\u017cnych fotograf\u00f3w przyrody\/krajobrazu i\/lub zewn\u0119trzne platformy handlowe, zasoby pochodz\u0105ce od os\u00f3b maj\u0105cych wp\u0142yw na media spo\u0142eczno\u015bciowe (fotograf\u00f3w amator\u00f3w lub zawodowych) oraz przes\u0142anych przez spo\u0142eczno\u015b\u0107 fotograf\u00f3w tre\u015bci generowane przez u\u017cytkownik\u00f3w poprzez hashtagi spo\u0142eczno\u015bciowe lub inne formy system\u00f3w zbierania i gromadzenia tre\u015bci tworzonych przez u\u017cytkownik\u00f3w (tj. Pixlee, Stackla, Curalate itp.)<\/li><li>Tw\u00f3rcy tre\u015bci (influencerzy i u\u017cytkownicy generuj\u0105cy tre\u015bci) mog\u0105 by\u0107 profesjonalnymi fotografami, amatorami lub hobbystami, kt\u00f3rzy mog\u0105, ale nie musz\u0105, u\u017cywa\u0107 profesjonalnego sprz\u0119tu. Wszyscy, kt\u00f3rzy fotografuj\u0105 przyrod\u0119 i udost\u0119pniaj\u0105 swoje tre\u015bci za po\u015brednictwem w\u0142asnych kana\u0142\u00f3w wydawniczych \/ medi\u00f3w spo\u0142eczno\u015bciowych \/ bloga \/ strony internetowej \/ sklepu itp., Mog\u0105 zosta\u0107 cz\u0142onkami Nature First.<\/li><li>We\u017a dodatkow\u0105 odpowiedzialno\u015b\u0107 i do\u0142\u00f3\u017c wszelkich stara\u0144, aby zapewni\u0107, \u017ce ka\u017cdy pozyskany fotograf przestrzega zasad Nature First podczas tworzenia zdj\u0119\u0107 i film\u00f3w wykorzystywanych we wspomnianej komunikacji i materia\u0142ach marketingowych.<\/li><\/ul><h3>EDUKACJA I INSTRUKCJA<\/h3><p class=\"\">Wymagania dla organizacji, kt\u00f3re zapewniaj\u0105 edukacj\u0119 i instrukta\u017c w zakresie fotografii przyrodniczej, wideografii przyrodniczej lub rekreacji na \u015bwie\u017cym powietrzu.<\/p><ul><li>Wymagaj, aby podstawowe wprowadzenie do zasad Nature First by\u0142o zawarte w programie nauczania i instrukta\u017cu, programie nauczania i\/lub materia\u0142ach dostarczanych klientom i\/lub studentom.<\/li><li>Wymagaj, aby zasady Nature First by\u0142y przyj\u0119te i przestrzegane przez instruktor\u00f3w, go\u015bci, klient\u00f3w i uczni\u00f3w podczas wszelkich dzia\u0142a\u0144 w terenie lub na obszarach naturalnych.<\/li><li>Daj przyk\u0142ad: etyczne post\u0119powanie i wyja\u015bnianie etycznych wybor\u00f3w jest jeszcze wa\u017cniejsze, gdy wyst\u0119pujesz przed grup\u0105.<\/li><li>Utrzymuj ma\u0142e rozmiary grup. Aktywnie minimalizuj wp\u0142yw swojej grupy na miejsca, kt\u00f3re odwiedzasz i pracujesz, aby chroni\u0107 do\u015bwiadczenia ludzi wok\u00f3\u0142 ciebie. Twoim obowi\u0105zkiem jest upewnienie si\u0119, \u017ce twoja grupa nie przeszkadza innym.<\/li><li>Zanim to zrobisz, dok\u0142adnie rozwa\u017c skutki poprowadzenia grupy do wra\u017cliwych miejsc.<\/li><li>Przestrzegaj zasad i przepis\u00f3w, w tym wymaga\u0144 dotycz\u0105cych zezwole\u0144.<\/li><\/ul><h3>ZGODNO\u015a\u0106<\/h3><p class=\"\">Odpowiedzialno\u015b\u0107 za zgodno\u015b\u0107 spoczywa na organizacji. Przed sfinalizowaniem partnerstwa organizacja musi podzieli\u0107 si\u0119 z Nature First swoimi procesami maj\u0105cymi na celu zapewnienie, \u017ce fotografowie spe\u0142niaj\u0105 wymagania dotycz\u0105ce cz\u0142onkostwa w Nature First. Organizacje, kt\u00f3re nie chc\u0105 lub nie mog\u0105 zweryfikowa\u0107 fotograf\u00f3w, nie s\u0105 uprawnione do formalnego przyj\u0119cia i zobowi\u0105zania si\u0119 do przestrzegania Standardu Odpowiedzialnej Fotografii Przyrody i najlepiej nadaj\u0105 si\u0119 do naszego partnerstwa organizacyjnego poziomu 1.<\/p>\t\t\t\t\t\t\t\t<\/div>\n\t\t\t\t<\/div>\n\t\t\t\t<div class=\"elementor-element elementor-element-48bbecbb elementor-widget-divider--view-line elementor-widget elementor-widget-divider\" data-id=\"48bbecbb\" data-element_type=\"widget\" data-e-type=\"widget\" data-widget_type=\"divider.default\">\n\t\t\t\t<div class=\"elementor-widget-container\">\n\t\t\t\t\t\t\t<div class=\"elementor-divider\">\n\t\t\t<span class=\"elementor-divider-separator\">\n\t\t\t\t\t\t<\/span>\n\t\t<\/div>\n\t\t\t\t\t\t<\/div>\n\t\t\t\t<\/div>\n\t\t\t\t\t<\/div>\n\t\t<\/div>\n\t\t\t\t\t<\/div>\n\t\t<\/section>\n\t\t\t\t<\/div>","protected":false},"excerpt":{"rendered":"<p>The Responsible Nature Photography Standard The Responsible Nature Photography Standard The Responsible Nature Photography Standard is a commitment to implement Nature First principles within your organization. It is similar to the commitment that photographers make when they join Nature First, yet this standard is not for photographers themselves but rather for the organizations that use [&hellip;]<\/p>\n","protected":false},"author":2,"featured_media":0,"parent":0,"menu_order":0,"comment_status":"closed","ping_status":"closed","template":"","meta":{"_mo_disable_npp":"","site-sidebar-layout":"no-sidebar","site-content-layout":"page-builder","ast-site-content-layout":"default","site-content-style":"default","site-sidebar-style":"default","ast-global-header-display":"","ast-banner-title-visibility":"","ast-main-header-display":"","ast-hfb-above-header-display":"","ast-hfb-below-header-display":"","ast-hfb-mobile-header-display":"","site-post-title":"disabled","ast-breadcrumbs-content":"","ast-featured-img":"disabled","footer-sml-layout":"","ast-disable-related-posts":"","theme-transparent-header-meta":"","adv-header-id-meta":"","stick-header-meta":"","header-above-stick-meta":"","header-main-stick-meta":"","header-below-stick-meta":"","astra-migrate-meta-layouts":"default","ast-page-background-enabled":"default","ast-page-background-meta":{"desktop":{"background-color":"","background-image":"","background-repeat":"repeat","background-position":"center center","background-size":"auto","background-attachment":"scroll","background-type":"","background-media":"","overlay-type":"","overlay-color":"","overlay-opacity":"","overlay-gradient":""},"tablet":{"background-color":"","background-image":"","background-repeat":"repeat","background-position":"center center","background-size":"auto","background-attachment":"scroll","background-type":"","background-media":"","overlay-type":"","overlay-color":"","overlay-opacity":"","overlay-gradient":""},"mobile":{"background-color":"","background-image":"","background-repeat":"repeat","background-position":"center center","background-size":"auto","background-attachment":"scroll","background-type":"","background-media":"","overlay-type":"","overlay-color":"","overlay-opacity":"","overlay-gradient":""}},"ast-content-background-meta":{"desktop":{"background-color":"var(--ast-global-color-5)","background-image":"","background-repeat":"repeat","background-position":"center center","background-size":"auto","background-attachment":"scroll","background-type":"","background-media":"","overlay-type":"","overlay-color":"","overlay-opacity":"","overlay-gradient":""},"tablet":{"background-color":"var(--ast-global-color-5)","background-image":"","background-repeat":"repeat","background-position":"center center","background-size":"auto","background-attachment":"scroll","background-type":"","background-media":"","overlay-type":"","overlay-color":"","overlay-opacity":"","overlay-gradient":""},"mobile":{"background-color":"var(--ast-global-color-5)","background-image":"","background-repeat":"repeat","background-position":"center center","background-size":"auto","background-attachment":"scroll","background-type":"","background-media":"","overlay-type":"","overlay-color":"","overlay-opacity":"","overlay-gradient":""}},"footnotes":""},"class_list":["post-739","page","type-page","status-publish","hentry"],"aioseo_notices":[],"_links":{"self":[{"href":"https:\/\/naturefirst.org\/pl\/wp-json\/wp\/v2\/pages\/739","targetHints":{"allow":["GET"]}}],"collection":[{"href":"https:\/\/naturefirst.org\/pl\/wp-json\/wp\/v2\/pages"}],"about":[{"href":"https:\/\/naturefirst.org\/pl\/wp-json\/wp\/v2\/types\/page"}],"author":[{"embeddable":true,"href":"https:\/\/naturefirst.org\/pl\/wp-json\/wp\/v2\/users\/2"}],"replies":[{"embeddable":true,"href":"https:\/\/naturefirst.org\/pl\/wp-json\/wp\/v2\/comments?post=739"}],"version-history":[{"count":8,"href":"https:\/\/naturefirst.org\/pl\/wp-json\/wp\/v2\/pages\/739\/revisions"}],"predecessor-version":[{"id":3739,"href":"https:\/\/naturefirst.org\/pl\/wp-json\/wp\/v2\/pages\/739\/revisions\/3739"}],"wp:attachment":[{"href":"https:\/\/naturefirst.org\/pl\/wp-json\/wp\/v2\/media?parent=739"}],"curies":[{"name":"wp","href":"https:\/\/api.w.org\/{rel}","templated":true}]}}