{"id":836,"date":"2022-08-23T00:15:50","date_gmt":"2022-08-23T00:15:50","guid":{"rendered":"https:\/\/naturefirst.org\/?page_id=836"},"modified":"2026-01-16T10:53:18","modified_gmt":"2026-01-16T17:53:18","slug":"corporate-documents","status":"publish","type":"page","link":"https:\/\/naturefirst.org\/pl\/corporate-documents\/","title":{"rendered":"Dokumenty korporacyjne"},"content":{"rendered":"<div data-elementor-type=\"wp-page\" data-elementor-id=\"836\" class=\"elementor elementor-836\" data-elementor-post-type=\"page\">\n\t\t\t\t\t\t<section class=\"elementor-section elementor-top-section elementor-element elementor-element-7a74e08a elementor-section-height-min-height elementor-section-boxed elementor-section-height-default elementor-section-items-middle\" data-id=\"7a74e08a\" data-element_type=\"section\" data-e-type=\"section\" data-settings=\"{&quot;background_background&quot;:&quot;classic&quot;}\">\n\t\t\t\t\t\t\t<div class=\"elementor-background-overlay\"><\/div>\n\t\t\t\t\t\t\t<div class=\"elementor-container elementor-column-gap-no\">\n\t\t\t\t\t<div class=\"elementor-column elementor-col-100 elementor-top-column elementor-element elementor-element-1ffe6d4b\" data-id=\"1ffe6d4b\" data-element_type=\"column\" data-e-type=\"column\">\n\t\t\t<div class=\"elementor-widget-wrap elementor-element-populated\">\n\t\t\t\t\t\t<div class=\"elementor-element elementor-element-28fea0b2 elementor-widget elementor-widget-image-box\" data-id=\"28fea0b2\" data-element_type=\"widget\" data-e-type=\"widget\" data-widget_type=\"image-box.default\">\n\t\t\t\t<div class=\"elementor-widget-container\">\n\t\t\t\t\t<div class=\"elementor-image-box-wrapper\"><div class=\"elementor-image-box-content\"><h1 class=\"elementor-image-box-title\">Dokumenty i informacje korporacyjne<\/h1><\/div><\/div>\t\t\t\t<\/div>\n\t\t\t\t<\/div>\n\t\t\t\t\t<\/div>\n\t\t<\/div>\n\t\t\t\t\t<\/div>\n\t\t<\/section>\n\t\t\t\t<section class=\"elementor-section elementor-top-section elementor-element elementor-element-1fdf5d52 elementor-section-boxed elementor-section-height-default elementor-section-height-default\" data-id=\"1fdf5d52\" data-element_type=\"section\" data-e-type=\"section\">\n\t\t\t\t\t\t<div class=\"elementor-container elementor-column-gap-default\">\n\t\t\t\t\t<div class=\"elementor-column elementor-col-100 elementor-top-column elementor-element elementor-element-3dd62948\" data-id=\"3dd62948\" data-element_type=\"column\" data-e-type=\"column\">\n\t\t\t<div class=\"elementor-widget-wrap elementor-element-populated\">\n\t\t\t\t\t\t<div class=\"elementor-element elementor-element-6a112e69 elementor-widget elementor-widget-heading\" data-id=\"6a112e69\" data-element_type=\"widget\" data-e-type=\"widget\" data-widget_type=\"heading.default\">\n\t\t\t\t<div class=\"elementor-widget-container\">\n\t\t\t\t\t<h2 class=\"elementor-heading-title elementor-size-default\">Cenimy Twoje zaufanie<\/h2>\t\t\t\t<\/div>\n\t\t\t\t<\/div>\n\t\t\t\t<div class=\"elementor-element elementor-element-6e2f129 elementor-widget elementor-widget-text-editor\" data-id=\"6e2f129\" data-element_type=\"widget\" data-e-type=\"widget\" data-widget_type=\"text-editor.default\">\n\t\t\t\t<div class=\"elementor-widget-container\">\n\t\t\t\t\t\t\t\t\t<p class=\"\">Jak podano w naszym <a href=\"https:\/\/naturefirst.org\/pl\/mission\/\">Warto\u015bci<\/a>, uczciwo\u015b\u0107 i odpowiedzialno\u015b\u0107 fiskalna s\u0105 dla nas niezwykle wa\u017cne. Chcemy, aby nasi cz\u0142onkowie, partnerzy, sponsorzy i wszyscy obywatele wiedzieli, \u017ce obs\u0142ugujemy Nature First zgodnie z wysokimi standardami i pe\u0142n\u0105 przejrzysto\u015bci\u0105.<\/p><p class=\"\">Poni\u017cej znajduj\u0105 si\u0119 \u0142\u0105cza do wielu naszych dokument\u00f3w korporacyjnych, kt\u00f3re opisuj\u0105, kim jeste\u015bmy, jakie s\u0105 nasze cele, programy i finanse. Czekamy na wszelkie zapytania dotycz\u0105ce kt\u00f3rejkolwiek z tych informacji. Prosz\u0119, czuj si\u0119 swobodnie by <a href=\"https:\/\/naturefirst.org\/pl\/contact\/\">Skontaktuj si\u0119 z nami<\/a>.<\/p><h4>DOKUMENTY FIRMOWE<\/h4><ul><li><a href=\"https:\/\/naturefirst.org\/wp-content\/uploads\/2025-Nature-First-Annual-Report.pdf\">Sprawozdanie roczne za rok 2025<\/a><\/li><li><a href=\"https:\/\/naturefirst.org\/wp-content\/uploads\/2024-Nature-First-Annual-Report.pdf\">Sprawozdanie Roczne 2024<\/a><\/li><li><a href=\"https:\/\/naturefirst.org\/wp-content\/uploads\/2023-Nature-First-Annual-Report.pdf\">Raport roczny 2023<\/a><\/li><li><a href=\"https:\/\/naturefirst.org\/wp-content\/uploads\/2022-Nature-First-Annual-Report.pdf\">Raport roczny 2022<\/a>\u00a0<\/li><li><a href=\"http:\/\/naturefirst.org\/wp-content\/uploads\/2021-NF-Annual-Report.pdf\" target=\"_blank\" rel=\"noopener\">Raport roczny 2021<\/a><\/li><li><a href=\"https:\/\/naturefirst.org\/wp-content\/uploads\/Nature-First-Bylaws-2024-01-18.pdf\" target=\"_blank\" rel=\"noopener\">Regulamin Nature First<\/a><\/li><li><a href=\"http:\/\/naturefirst.org\/wp-content\/uploads\/NF-Conflict-of-Interest-Policy.pdf\" target=\"_blank\" rel=\"noopener\">Polityka dotycz\u0105ca konfliktu interes\u00f3w<\/a><\/li><\/ul><h4>PRYWATNO\u015a\u0106 (TAK\u017bE LINKI NA DOLE KA\u017bDEJ STRONY)<\/h4><ul><li><a href=\"https:\/\/naturefirst.org\/pl\/terms-of-use\/\">Warunki korzystania<\/a><\/li><li><a href=\"https:\/\/naturefirst.org\/pl\/privacy-policy\/\">Polityka prywatno\u015bci<\/a><\/li><li><a href=\"https:\/\/naturefirst.org\/pl\/cookie-policy\/\">Polityka Cookie<\/a><\/li><\/ul>\t\t\t\t\t\t\t\t<\/div>\n\t\t\t\t<\/div>\n\t\t\t\t<div class=\"elementor-element elementor-element-437451f2 elementor-widget-divider--view-line elementor-widget elementor-widget-divider\" data-id=\"437451f2\" data-element_type=\"widget\" data-e-type=\"widget\" data-widget_type=\"divider.default\">\n\t\t\t\t<div class=\"elementor-widget-container\">\n\t\t\t\t\t\t\t<div class=\"elementor-divider\">\n\t\t\t<span class=\"elementor-divider-separator\">\n\t\t\t\t\t\t<\/span>\n\t\t<\/div>\n\t\t\t\t\t\t<\/div>\n\t\t\t\t<\/div>\n\t\t\t\t\t<\/div>\n\t\t<\/div>\n\t\t\t\t\t<\/div>\n\t\t<\/section>\n\t\t\t\t<\/div>","protected":false},"excerpt":{"rendered":"<p>Corporate Documents &amp; Information We value your trust As stated in our Values, integrity and fiscal responsibility are incredibly important to us. We want our members, partners, sponsors and everyone in the general public to know that we operate Nature First with high standards and full transparency. You can find links below to many of [&hellip;]<\/p>\n","protected":false},"author":2,"featured_media":0,"parent":0,"menu_order":0,"comment_status":"closed","ping_status":"closed","template":"","meta":{"_mo_disable_npp":"","site-sidebar-layout":"no-sidebar","site-content-layout":"page-builder","ast-site-content-layout":"default","site-content-style":"default","site-sidebar-style":"default","ast-global-header-display":"","ast-banner-title-visibility":"","ast-main-header-display":"","ast-hfb-above-header-display":"","ast-hfb-below-header-display":"","ast-hfb-mobile-header-display":"","site-post-title":"disabled","ast-breadcrumbs-content":"","ast-featured-img":"disabled","footer-sml-layout":"","ast-disable-related-posts":"","theme-transparent-header-meta":"","adv-header-id-meta":"","stick-header-meta":"","header-above-stick-meta":"","header-main-stick-meta":"","header-below-stick-meta":"","astra-migrate-meta-layouts":"default","ast-page-background-enabled":"default","ast-page-background-meta":{"desktop":{"background-color":"","background-image":"","background-repeat":"repeat","background-position":"center center","background-size":"auto","background-attachment":"scroll","background-type":"","background-media":"","overlay-type":"","overlay-color":"","overlay-opacity":"","overlay-gradient":""},"tablet":{"background-color":"","background-image":"","background-repeat":"repeat","background-position":"center center","background-size":"auto","background-attachment":"scroll","background-type":"","background-media":"","overlay-type":"","overlay-color":"","overlay-opacity":"","overlay-gradient":""},"mobile":{"background-color":"","background-image":"","background-repeat":"repeat","background-position":"center center","background-size":"auto","background-attachment":"scroll","background-type":"","background-media":"","overlay-type":"","overlay-color":"","overlay-opacity":"","overlay-gradient":""}},"ast-content-background-meta":{"desktop":{"background-color":"var(--ast-global-color-5)","background-image":"","background-repeat":"repeat","background-position":"center center","background-size":"auto","background-attachment":"scroll","background-type":"","background-media":"","overlay-type":"","overlay-color":"","overlay-opacity":"","overlay-gradient":""},"tablet":{"background-color":"var(--ast-global-color-5)","background-image":"","background-repeat":"repeat","background-position":"center center","background-size":"auto","background-attachment":"scroll","background-type":"","background-media":"","overlay-type":"","overlay-color":"","overlay-opacity":"","overlay-gradient":""},"mobile":{"background-color":"var(--ast-global-color-5)","background-image":"","background-repeat":"repeat","background-position":"center center","background-size":"auto","background-attachment":"scroll","background-type":"","background-media":"","overlay-type":"","overlay-color":"","overlay-opacity":"","overlay-gradient":""}},"footnotes":""},"class_list":["post-836","page","type-page","status-publish","hentry"],"aioseo_notices":[],"_links":{"self":[{"href":"https:\/\/naturefirst.org\/pl\/wp-json\/wp\/v2\/pages\/836","targetHints":{"allow":["GET"]}}],"collection":[{"href":"https:\/\/naturefirst.org\/pl\/wp-json\/wp\/v2\/pages"}],"about":[{"href":"https:\/\/naturefirst.org\/pl\/wp-json\/wp\/v2\/types\/page"}],"author":[{"embeddable":true,"href":"https:\/\/naturefirst.org\/pl\/wp-json\/wp\/v2\/users\/2"}],"replies":[{"embeddable":true,"href":"https:\/\/naturefirst.org\/pl\/wp-json\/wp\/v2\/comments?post=836"}],"version-history":[{"count":44,"href":"https:\/\/naturefirst.org\/pl\/wp-json\/wp\/v2\/pages\/836\/revisions"}],"predecessor-version":[{"id":5657,"href":"https:\/\/naturefirst.org\/pl\/wp-json\/wp\/v2\/pages\/836\/revisions\/5657"}],"wp:attachment":[{"href":"https:\/\/naturefirst.org\/pl\/wp-json\/wp\/v2\/media?parent=836"}],"curies":[{"name":"wp","href":"https:\/\/api.w.org\/{rel}","templated":true}]}}